{"id":1126,"date":"2025-05-08T22:36:58","date_gmt":"2025-05-08T22:36:58","guid":{"rendered":"https:\/\/melissatromba.com\/ressources-immobilieres\/"},"modified":"2025-06-20T13:01:43","modified_gmt":"2025-06-20T13:01:43","slug":"ressources-immobilieres","status":"publish","type":"page","link":"https:\/\/melissatromba.com\/fr\/ressources-immobilieres\/","title":{"rendered":"Ressources immobili\u00e8res"},"content":{"rendered":"\t\t<div data-elementor-type=\"wp-page\" data-elementor-id=\"1126\" class=\"elementor elementor-1126 elementor-856\" data-elementor-post-type=\"page\">\n\t\t\t\t<div class=\"elementor-element elementor-element-3e09fbab e-flex e-con-boxed e-con e-parent\" data-id=\"3e09fbab\" data-element_type=\"container\" data-e-type=\"container\">\n\t\t\t\t\t<div class=\"e-con-inner\">\n\t\t<div class=\"elementor-element elementor-element-3aad2269 e-con-full e-flex e-con e-child\" data-id=\"3aad2269\" data-element_type=\"container\" data-e-type=\"container\">\n\t\t\t\t<div class=\"elementor-element elementor-element-5db8fc5f elementor-widget elementor-widget-heading\" data-id=\"5db8fc5f\" data-element_type=\"widget\" data-e-type=\"widget\" data-widget_type=\"heading.default\">\n\t\t\t\t<div class=\"elementor-widget-container\">\n\t\t\t\t\t<h2 class=\"elementor-heading-title elementor-size-default\">Optimisez votre parcours immobilier gr\u00e2ce \u00e0 mes outils utiles<\/h2>\t\t\t\t<\/div>\n\t\t\t\t<\/div>\n\t\t\t\t<div class=\"elementor-element elementor-element-68bf84c7 elementor-widget elementor-widget-text-editor\" data-id=\"68bf84c7\" data-element_type=\"widget\" data-e-type=\"widget\" data-widget_type=\"text-editor.default\">\n\t\t\t\t<div class=\"elementor-widget-container\">\n\t\t\t\t\t\t\t\t\t<p>Naviguer dans le paysage complexe de l&#8217;immobilier peut \u00eatre intimidant, que vous soyez un acheteur d\u00e9butant ou un vendeur exp\u00e9riment\u00e9. Ces pages ont \u00e9t\u00e9 m\u00e9ticuleusement con\u00e7ues pour vous fournir les outils essentiels et les conseils dont vous avez besoin. <\/p>\n\t\t\t\t\t\t\t\t<\/div>\n\t\t\t\t<\/div>\n\t\t\t\t<div class=\"elementor-element elementor-element-5bbc4183 elementor-align-left elementor-widget elementor-widget-button\" data-id=\"5bbc4183\" data-element_type=\"widget\" data-e-type=\"widget\" data-widget_type=\"button.default\">\n\t\t\t\t<div class=\"elementor-widget-container\">\n\t\t\t\t\t\t\t\t\t<div class=\"elementor-button-wrapper\">\n\t\t\t\t\t<a class=\"elementor-button elementor-button-link elementor-size-sm\" href=\"\/fr\/contact-courtier-immobilier\">\n\t\t\t\t\t\t<span class=\"elementor-button-content-wrapper\">\n\t\t\t\t\t\t\t\t\t<span class=\"elementor-button-text\">Demandez \u00e0 l'expert<\/span>\n\t\t\t\t\t<\/span>\n\t\t\t\t\t<\/a>\n\t\t\t\t<\/div>\n\t\t\t\t\t\t\t\t<\/div>\n\t\t\t\t<\/div>\n\t\t\t\t<\/div>\n\t\t<div class=\"elementor-element elementor-element-c1f9ad7 e-con-full e-flex e-con e-child\" data-id=\"c1f9ad7\" data-element_type=\"container\" data-e-type=\"container\">\n\t\t<div class=\"elementor-element elementor-element-7b68512f e-con-full e-flex e-con e-child\" data-id=\"7b68512f\" data-element_type=\"container\" data-e-type=\"container\">\n\t\t<div class=\"elementor-element elementor-element-2871051d e-con-full e-flex e-con e-child\" data-id=\"2871051d\" data-element_type=\"container\" data-e-type=\"container\">\n\t\t\t\t<div class=\"elementor-element elementor-element-740c0633 elementor-widget elementor-widget-image\" data-id=\"740c0633\" data-element_type=\"widget\" data-e-type=\"widget\" data-widget_type=\"image.default\">\n\t\t\t\t<div class=\"elementor-widget-container\">\n\t\t\t\t\t\t\t\t\t\t\t\t\t\t\t<img loading=\"lazy\" decoding=\"async\" loading=\"lazy\" width=\"800\" height=\"800\" src=\"https:\/\/melissatromba.com\/wp-content\/uploads\/2025\/06\/Courtier-immobilier-Laurentides-recherche-de-maison-en-ligne.webp\" class=\"attachment-large size-large wp-image-1630\" alt=\"\" srcset=\"https:\/\/melissatromba.com\/wp-content\/uploads\/2025\/06\/Courtier-immobilier-Laurentides-recherche-de-maison-en-ligne.webp 1024w, https:\/\/melissatromba.com\/wp-content\/uploads\/2025\/06\/Courtier-immobilier-Laurentides-recherche-de-maison-en-ligne-300x300.webp 300w, https:\/\/melissatromba.com\/wp-content\/uploads\/2025\/06\/Courtier-immobilier-Laurentides-recherche-de-maison-en-ligne-150x150.webp 150w, https:\/\/melissatromba.com\/wp-content\/uploads\/2025\/06\/Courtier-immobilier-Laurentides-recherche-de-maison-en-ligne-768x768.webp 768w\" sizes=\"auto, (max-width: 800px) 100vw, 800px\" \/>\t\t\t\t\t\t\t\t\t\t\t\t\t\t\t<\/div>\n\t\t\t\t<\/div>\n\t\t\t\t<\/div>\n\t\t<div class=\"elementor-element elementor-element-5a9a6a1a e-con-full e-flex e-con e-child\" data-id=\"5a9a6a1a\" data-element_type=\"container\" data-e-type=\"container\">\n\t\t\t\t<div class=\"elementor-element elementor-element-5ae2a5dc elementor-widget__width-initial elementor-widget-tablet__width-inherit elementor-widget elementor-widget-heading\" data-id=\"5ae2a5dc\" data-element_type=\"widget\" data-e-type=\"widget\" data-widget_type=\"heading.default\">\n\t\t\t\t<div class=\"elementor-widget-container\">\n\t\t\t\t\t<h2 class=\"elementor-heading-title elementor-size-default\">Achat d\u2019une premi\u00e8re maison<\/h2>\t\t\t\t<\/div>\n\t\t\t\t<\/div>\n\t\t\t\t<div class=\"elementor-element elementor-element-6f5a41dd elementor-widget elementor-widget-text-editor\" data-id=\"6f5a41dd\" data-element_type=\"widget\" data-e-type=\"widget\" data-widget_type=\"text-editor.default\">\n\t\t\t\t<div class=\"elementor-widget-container\">\n\t\t\t\t\t\t\t\t\t<p>Renseignez-vous sur les cr\u00e9dits d&#8217;imp\u00f4t, les subventions et les aides financi\u00e8res disponibles pour vous aider \u00e0 r\u00e9aliser votre r\u00eave immobilier.<\/p>\n\t\t\t\t\t\t\t\t<\/div>\n\t\t\t\t<\/div>\n\t\t\t\t<div class=\"elementor-element elementor-element-3c07e61b elementor-align-left elementor-hidden-mobile elementor-widget elementor-widget-button\" data-id=\"3c07e61b\" data-element_type=\"widget\" data-e-type=\"widget\" data-widget_type=\"button.default\">\n\t\t\t\t<div class=\"elementor-widget-container\">\n\t\t\t\t\t\t\t\t\t<div class=\"elementor-button-wrapper\">\n\t\t\t\t\t<a class=\"elementor-button elementor-button-link elementor-size-sm\" href=\"https:\/\/premieracheteur.melissatromba.com\" target=\"_blank\">\n\t\t\t\t\t\t<span class=\"elementor-button-content-wrapper\">\n\t\t\t\t\t\t<span class=\"elementor-button-icon\">\n\t\t\t\t<i aria-hidden=\"true\" class=\"icon icon-arrow-right\"><\/i>\t\t\t<\/span>\n\t\t\t\t\t\t\t\t\t<span class=\"elementor-button-text\">Programmes pour premiers acheteurs<\/span>\n\t\t\t\t\t<\/span>\n\t\t\t\t\t<\/a>\n\t\t\t\t<\/div>\n\t\t\t\t\t\t\t\t<\/div>\n\t\t\t\t<\/div>\n\t\t\t\t<\/div>\n\t\t\t\t<\/div>\n\t\t<div class=\"elementor-element elementor-element-6783f94e e-con-full e-flex e-con e-child\" data-id=\"6783f94e\" data-element_type=\"container\" data-e-type=\"container\">\n\t\t<div class=\"elementor-element elementor-element-33e43c3b e-con-full e-flex e-con e-child\" data-id=\"33e43c3b\" data-element_type=\"container\" data-e-type=\"container\">\n\t\t\t\t<div class=\"elementor-element elementor-element-46211d7b elementor-widget__width-inherit elementor-widget elementor-widget-image\" data-id=\"46211d7b\" data-element_type=\"widget\" data-e-type=\"widget\" data-widget_type=\"image.default\">\n\t\t\t\t<div class=\"elementor-widget-container\">\n\t\t\t\t\t\t\t\t\t\t\t\t\t\t\t<img decoding=\"async\" src=\"https:\/\/melissatromba.com\/wp-content\/uploads\/2025\/06\/Courtier-immobilier-Maison-de-prestige-Evaluation-gratuite-et-Marketing.webp\" title=\"Courtier immobilier Maison de prestige \u00c9valuation gratuite et Marketing\" alt=\"Courtier immobilier Maison de prestige \u00c9valuation gratuite et Marketing\" loading=\"lazy\" \/>\t\t\t\t\t\t\t\t\t\t\t\t\t\t\t<\/div>\n\t\t\t\t<\/div>\n\t\t\t\t<\/div>\n\t\t<div class=\"elementor-element elementor-element-5a0ad47f e-con-full e-flex e-con e-child\" data-id=\"5a0ad47f\" data-element_type=\"container\" data-e-type=\"container\">\n\t\t\t\t<div class=\"elementor-element elementor-element-11ee74a2 elementor-widget__width-initial elementor-widget-tablet__width-inherit elementor-widget elementor-widget-heading\" data-id=\"11ee74a2\" data-element_type=\"widget\" data-e-type=\"widget\" data-widget_type=\"heading.default\">\n\t\t\t\t<div class=\"elementor-widget-container\">\n\t\t\t\t\t<h2 class=\"elementor-heading-title elementor-size-default\">\u00c9valuation de votre propri\u00e9t\u00e9\n<\/h2>\t\t\t\t<\/div>\n\t\t\t\t<\/div>\n\t\t\t\t<div class=\"elementor-element elementor-element-1e498460 elementor-widget elementor-widget-text-editor\" data-id=\"1e498460\" data-element_type=\"widget\" data-e-type=\"widget\" data-widget_type=\"text-editor.default\">\n\t\t\t\t<div class=\"elementor-widget-container\">\n\t\t\t\t\t\t\t\t\tObtenez une \u00e9valuation pr\u00e9cise de votre propri\u00e9t\u00e9 sur la base des tendances actuelles du march\u00e9.\n\n\t\t\t\t\t\t\t\t<\/div>\n\t\t\t\t<\/div>\n\t\t\t\t<div class=\"elementor-element elementor-element-22a40566 elementor-align-left elementor-hidden-mobile elementor-widget elementor-widget-button\" data-id=\"22a40566\" data-element_type=\"widget\" data-e-type=\"widget\" data-widget_type=\"button.default\">\n\t\t\t\t<div class=\"elementor-widget-container\">\n\t\t\t\t\t\t\t\t\t<div class=\"elementor-button-wrapper\">\n\t\t\t\t\t<a class=\"elementor-button elementor-button-link elementor-size-sm\" href=\"https:\/\/melissatromba.com\/fr\/evaluation-immobiliere\/\">\n\t\t\t\t\t\t<span class=\"elementor-button-content-wrapper\">\n\t\t\t\t\t\t<span class=\"elementor-button-icon\">\n\t\t\t\t<i aria-hidden=\"true\" class=\"icon icon-arrow-right\"><\/i>\t\t\t<\/span>\n\t\t\t\t\t\t\t\t\t<span class=\"elementor-button-text\">\u00c9valuation de votre propri\u00e9t\u00e9<\/span>\n\t\t\t\t\t<\/span>\n\t\t\t\t\t<\/a>\n\t\t\t\t<\/div>\n\t\t\t\t\t\t\t\t<\/div>\n\t\t\t\t<\/div>\n\t\t\t\t<\/div>\n\t\t\t\t<\/div>\n\t\t<div class=\"elementor-element elementor-element-731e9199 e-con-full e-flex e-con e-child\" data-id=\"731e9199\" data-element_type=\"container\" data-e-type=\"container\">\n\t\t<div class=\"elementor-element elementor-element-4fd2a08e e-con-full e-flex e-con e-child\" data-id=\"4fd2a08e\" data-element_type=\"container\" data-e-type=\"container\">\n\t\t\t\t<div class=\"elementor-element elementor-element-5387dc43 elementor-widget elementor-widget-image\" data-id=\"5387dc43\" data-element_type=\"widget\" data-e-type=\"widget\" data-widget_type=\"image.default\">\n\t\t\t\t<div class=\"elementor-widget-container\">\n\t\t\t\t\t\t\t\t\t\t\t\t\t\t\t<img loading=\"lazy\" decoding=\"async\" loading=\"lazy\" width=\"800\" height=\"803\" src=\"https:\/\/melissatromba.com\/wp-content\/uploads\/2025\/06\/The-Agency-Montreal-Laurentians-Real-Estate-Broker-North-Shore-of-Montreal-1020x1024.webp\" class=\"attachment-large size-large wp-image-1632\" alt=\"\" srcset=\"https:\/\/melissatromba.com\/wp-content\/uploads\/2025\/06\/The-Agency-Montreal-Laurentians-Real-Estate-Broker-North-Shore-of-Montreal-1020x1024.webp 1020w, https:\/\/melissatromba.com\/wp-content\/uploads\/2025\/06\/The-Agency-Montreal-Laurentians-Real-Estate-Broker-North-Shore-of-Montreal-300x300.webp 300w, https:\/\/melissatromba.com\/wp-content\/uploads\/2025\/06\/The-Agency-Montreal-Laurentians-Real-Estate-Broker-North-Shore-of-Montreal-150x150.webp 150w, https:\/\/melissatromba.com\/wp-content\/uploads\/2025\/06\/The-Agency-Montreal-Laurentians-Real-Estate-Broker-North-Shore-of-Montreal-768x771.webp 768w, https:\/\/melissatromba.com\/wp-content\/uploads\/2025\/06\/The-Agency-Montreal-Laurentians-Real-Estate-Broker-North-Shore-of-Montreal.webp 1024w\" sizes=\"auto, (max-width: 800px) 100vw, 800px\" \/>\t\t\t\t\t\t\t\t\t\t\t\t\t\t\t<\/div>\n\t\t\t\t<\/div>\n\t\t\t\t<\/div>\n\t\t<div class=\"elementor-element elementor-element-6c207060 e-con-full e-flex e-con e-child\" data-id=\"6c207060\" data-element_type=\"container\" data-e-type=\"container\">\n\t\t\t\t<div class=\"elementor-element elementor-element-315663c7 elementor-widget__width-initial elementor-widget-tablet__width-inherit elementor-widget elementor-widget-heading\" data-id=\"315663c7\" data-element_type=\"widget\" data-e-type=\"widget\" data-widget_type=\"heading.default\">\n\t\t\t\t<div class=\"elementor-widget-container\">\n\t\t\t\t\t<h2 class=\"elementor-heading-title elementor-size-default\">Vendre votre maison<\/h2>\t\t\t\t<\/div>\n\t\t\t\t<\/div>\n\t\t\t\t<div class=\"elementor-element elementor-element-1960641 elementor-widget elementor-widget-text-editor\" data-id=\"1960641\" data-element_type=\"widget\" data-e-type=\"widget\" data-widget_type=\"text-editor.default\">\n\t\t\t\t<div class=\"elementor-widget-container\">\n\t\t\t\t\t\t\t\t\t<div class=\"elementor-element elementor-element-5b1ac86 jkit-equal-height-disable elementor-widget elementor-widget-jkit_icon_box\" data-id=\"5b1ac86\" data-element_type=\"widget\" data-widget_type=\"jkit_icon_box.default\">\n<div class=\"elementor-widget-container\">\n<div class=\"jeg-elementor-kit jkit-icon-box icon-position-top elementor-animation- jeg_module_116_2_68555815c12da\">\n<div class=\"jkit-icon-box-wrapper hover-from-arise\">\n<div class=\"icon-box icon-box-body\">\n<p class=\"icon-box-description\">Nous sommes l\u00e0 pour vous guider \u00e0 chaque \u00e9tape de la vente, avec un marketing expert pour attirer les meilleurs acheteurs et garantir une transaction r\u00e9ussie et sans heurts.<\/p>\n<\/div>\n<\/div>\n<\/div>\n<\/div>\n<\/div>\n\t\t\t\t\t\t\t\t<\/div>\n\t\t\t\t<\/div>\n\t\t\t\t<div class=\"elementor-element elementor-element-1c50809d elementor-align-left elementor-hidden-mobile elementor-widget elementor-widget-button\" data-id=\"1c50809d\" data-element_type=\"widget\" data-e-type=\"widget\" data-widget_type=\"button.default\">\n\t\t\t\t<div class=\"elementor-widget-container\">\n\t\t\t\t\t\t\t\t\t<div class=\"elementor-button-wrapper\">\n\t\t\t\t\t<a class=\"elementor-button elementor-button-link elementor-size-sm\" href=\"https:\/\/melissatromba.com\/fr\/guide-du-vendeur\/\">\n\t\t\t\t\t\t<span class=\"elementor-button-content-wrapper\">\n\t\t\t\t\t\t<span class=\"elementor-button-icon\">\n\t\t\t\t<i aria-hidden=\"true\" class=\"icon icon-arrow-right\"><\/i>\t\t\t<\/span>\n\t\t\t\t\t\t\t\t\t<span class=\"elementor-button-text\">Guide du vendeur<\/span>\n\t\t\t\t\t<\/span>\n\t\t\t\t\t<\/a>\n\t\t\t\t<\/div>\n\t\t\t\t\t\t\t\t<\/div>\n\t\t\t\t<\/div>\n\t\t\t\t<\/div>\n\t\t\t\t<\/div>\n\t\t\t\t<\/div>\n\t\t\t\t\t<\/div>\n\t\t\t\t<\/div>\n\t\t\t\t<\/div>\n\t\t","protected":false},"excerpt":{"rendered":"<p>Optimisez votre parcours immobilier gr\u00e2ce \u00e0 mes outils utiles Naviguer dans le paysage complexe de l&#8217;immobilier peut \u00eatre intimidant, que vous soyez un acheteur d\u00e9butant ou un vendeur exp\u00e9riment\u00e9. Ces pages ont \u00e9t\u00e9 m\u00e9ticuleusement con\u00e7ues pour vous fournir les outils essentiels et les conseils dont vous avez besoin. Demandez \u00e0 l&#8217;expert Achat d\u2019une premi\u00e8re maison [&hellip;]<\/p>\n","protected":false},"author":2,"featured_media":0,"parent":0,"menu_order":0,"comment_status":"closed","ping_status":"closed","template":"","meta":{"nf_dc_page":"","footnotes":""},"class_list":["post-1126","page","type-page","status-publish","hentry"],"aioseo_notices":[],"_links":{"self":[{"href":"https:\/\/melissatromba.com\/fr\/wp-json\/wp\/v2\/pages\/1126","targetHints":{"allow":["GET"]}}],"collection":[{"href":"https:\/\/melissatromba.com\/fr\/wp-json\/wp\/v2\/pages"}],"about":[{"href":"https:\/\/melissatromba.com\/fr\/wp-json\/wp\/v2\/types\/page"}],"author":[{"embeddable":true,"href":"https:\/\/melissatromba.com\/fr\/wp-json\/wp\/v2\/users\/2"}],"replies":[{"embeddable":true,"href":"https:\/\/melissatromba.com\/fr\/wp-json\/wp\/v2\/comments?post=1126"}],"version-history":[{"count":11,"href":"https:\/\/melissatromba.com\/fr\/wp-json\/wp\/v2\/pages\/1126\/revisions"}],"predecessor-version":[{"id":1646,"href":"https:\/\/melissatromba.com\/fr\/wp-json\/wp\/v2\/pages\/1126\/revisions\/1646"}],"wp:attachment":[{"href":"https:\/\/melissatromba.com\/fr\/wp-json\/wp\/v2\/media?parent=1126"}],"curies":[{"name":"wp","href":"https:\/\/api.w.org\/{rel}","templated":true}]}}