{"id":1135,"date":"2025-04-09T10:37:26","date_gmt":"2025-04-09T10:37:26","guid":{"rendered":"https:\/\/melissatromba.com\/guide-du-vendeur\/"},"modified":"2025-05-29T23:43:35","modified_gmt":"2025-05-29T23:43:35","slug":"guide-du-vendeur","status":"publish","type":"page","link":"https:\/\/melissatromba.com\/fr\/guide-du-vendeur\/","title":{"rendered":"Guide du vendeur"},"content":{"rendered":"\t\t<div data-elementor-type=\"wp-page\" data-elementor-id=\"1135\" class=\"elementor elementor-1135 elementor-503\" data-elementor-post-type=\"page\">\n\t\t\t\t<div class=\"elementor-element elementor-element-2e67f38 e-flex e-con-boxed e-con e-parent\" data-id=\"2e67f38\" data-element_type=\"container\" data-e-type=\"container\" data-settings=\"{&quot;background_background&quot;:&quot;classic&quot;}\">\n\t\t\t\t\t<div class=\"e-con-inner\">\n\t\t\t\t<div class=\"elementor-element elementor-element-12693c3 elementor-widget elementor-widget-heading\" data-id=\"12693c3\" data-element_type=\"widget\" data-e-type=\"widget\" data-widget_type=\"heading.default\">\n\t\t\t\t<div class=\"elementor-widget-container\">\n\t\t\t\t\t<h2 class=\"elementor-heading-title elementor-size-default\">Guide du vendeur\n<\/h2>\t\t\t\t<\/div>\n\t\t\t\t<\/div>\n\t\t\t\t<div class=\"elementor-element elementor-element-d4917fd elementor-widget elementor-widget-heading\" data-id=\"d4917fd\" data-element_type=\"widget\" data-e-type=\"widget\" data-widget_type=\"heading.default\">\n\t\t\t\t<div class=\"elementor-widget-container\">\n\t\t\t\t\t<h2 class=\"elementor-heading-title elementor-size-default\">Les informations essentielles \u00e0 savoir.\n<\/h2>\t\t\t\t<\/div>\n\t\t\t\t<\/div>\n\t\t\t\t\t<\/div>\n\t\t\t\t<\/div>\n\t\t<div class=\"elementor-element elementor-element-83d1542 e-flex e-con-boxed e-con e-parent\" data-id=\"83d1542\" data-element_type=\"container\" data-e-type=\"container\" data-settings=\"{&quot;background_background&quot;:&quot;classic&quot;}\">\n\t\t\t\t\t<div class=\"e-con-inner\">\n\t\t<div class=\"elementor-element elementor-element-7a4c2d7 e-con-full e-flex e-con e-child\" data-id=\"7a4c2d7\" data-element_type=\"container\" data-e-type=\"container\">\n\t\t\t\t<div class=\"elementor-element elementor-element-c482da7 elementor-widget elementor-widget-heading\" data-id=\"c482da7\" data-element_type=\"widget\" data-e-type=\"widget\" data-widget_type=\"heading.default\">\n\t\t\t\t<div class=\"elementor-widget-container\">\n\t\t\t\t\t<h2 class=\"elementor-heading-title elementor-size-default\">Ce que vous devez savoir sur l'achat d'une propri\u00e9t\u00e9<\/h2>\t\t\t\t<\/div>\n\t\t\t\t<\/div>\n\t\t\t\t<div class=\"elementor-element elementor-element-ef2f76a elementor-widget elementor-widget-text-editor\" data-id=\"ef2f76a\" data-element_type=\"widget\" data-e-type=\"widget\" data-widget_type=\"text-editor.default\">\n\t\t\t\t<div class=\"elementor-widget-container\">\n\t\t\t\t\t\t\t\t\t<div class=\"cms-richtext text-content block-image-text__description\">\n<p>L&#8217;Organisme d&#8217;autor\u00e9glementation du courtage immobilier du Qu\u00e9bec (OACIQ) a pr\u00e9par\u00e9 ce guide pour vous aider \u00e0 chaque \u00e9tape du processus d&#8217;achat d&#8217;une propri\u00e9t\u00e9.<\/p>\n<p>Vous y trouverez les principales \u00e9tapes \u00e0 suivre avant et pendant l&#8217;achat, ainsi que de nombreux conseils utiles pour vous aider \u00e0 r\u00e9aliser votre transaction immobili\u00e8re de mani\u00e8re satisfaisante. Pour conna\u00eetre les \u00e9tapes d&#8217;une vente, consultez le Guide du vendeur.<\/p>\n<p>Ce guide est destin\u00e9 \u00e0 servir de r\u00e9f\u00e9rence rapide, mais il ne remplace pas les conseils d&#8217;un courtier ou d&#8217;une agence immobili\u00e8re. Son contenu s&#8217;applique exclusivement \u00e0 l&#8217;achat d&#8217;un bien immobilier r\u00e9sidentiel. Il contient quelques informations sur les biens d\u00e9tenus en copropri\u00e9t\u00e9 divise et indivise, mais ce contenu n&#8217;est pas exhaustif.<\/p>\n<\/div>\n<div class=\"blocks-repeater block-image-text__cta buttons-container buttons-mobile-fullwidth\">\n<div class=\"block-wrapper cta-item\">\n<div class=\"button__wrapper cms-link color-scheme-btn-normal\"> <\/div>\n<\/div>\n<\/div>\n\t\t\t\t\t\t\t\t<\/div>\n\t\t\t\t<\/div>\n\t\t\t\t<div class=\"elementor-element elementor-element-c3f91bd elementor-align-left elementor-mobile-align-justify elementor-widget elementor-widget-button\" data-id=\"c3f91bd\" data-element_type=\"widget\" data-e-type=\"widget\" data-widget_type=\"button.default\">\n\t\t\t\t<div class=\"elementor-widget-container\">\n\t\t\t\t\t\t\t\t\t<div class=\"elementor-button-wrapper\">\n\t\t\t\t\t<a class=\"elementor-button elementor-button-link elementor-size-sm\" href=\"https:\/\/www.oaciq.com\/en\/general-public\/residential-sale\/sellers-guide\/\" target=\"_blank\">\n\t\t\t\t\t\t<span class=\"elementor-button-content-wrapper\">\n\t\t\t\t\t\t\t\t\t<span class=\"elementor-button-text\">Consultez le guide<\/span>\n\t\t\t\t\t<\/span>\n\t\t\t\t\t<\/a>\n\t\t\t\t<\/div>\n\t\t\t\t\t\t\t\t<\/div>\n\t\t\t\t<\/div>\n\t\t\t\t<\/div>\n\t\t<div class=\"elementor-element elementor-element-1c33ee6 e-con-full e-flex e-con e-child\" data-id=\"1c33ee6\" data-element_type=\"container\" data-e-type=\"container\">\n\t\t\t\t<div class=\"elementor-element elementor-element-a2a044f elementor-widget elementor-widget-image\" data-id=\"a2a044f\" data-element_type=\"widget\" data-e-type=\"widget\" data-widget_type=\"image.default\">\n\t\t\t\t<div class=\"elementor-widget-container\">\n\t\t\t\t\t\t\t\t\t\t\t\t\t\t\t<img loading=\"lazy\" decoding=\"async\" loading=\"lazy\" width=\"800\" height=\"480\" src=\"https:\/\/melissatromba.com\/wp-content\/uploads\/2025\/04\/jD5Kt2xNeDBvbHgR9F56eCyBVQU9f7-metaaW1nX2d1aWRlX3ZlbmRldXIuanBn--1024x615.webp\" class=\"attachment-large size-large wp-image-541\" alt=\"\" srcset=\"https:\/\/melissatromba.com\/wp-content\/uploads\/2025\/04\/jD5Kt2xNeDBvbHgR9F56eCyBVQU9f7-metaaW1nX2d1aWRlX3ZlbmRldXIuanBn--1024x615.webp 1024w, https:\/\/melissatromba.com\/wp-content\/uploads\/2025\/04\/jD5Kt2xNeDBvbHgR9F56eCyBVQU9f7-metaaW1nX2d1aWRlX3ZlbmRldXIuanBn--300x180.webp 300w, https:\/\/melissatromba.com\/wp-content\/uploads\/2025\/04\/jD5Kt2xNeDBvbHgR9F56eCyBVQU9f7-metaaW1nX2d1aWRlX3ZlbmRldXIuanBn--768x461.webp 768w, https:\/\/melissatromba.com\/wp-content\/uploads\/2025\/04\/jD5Kt2xNeDBvbHgR9F56eCyBVQU9f7-metaaW1nX2d1aWRlX3ZlbmRldXIuanBn--1536x922.webp 1536w, https:\/\/melissatromba.com\/wp-content\/uploads\/2025\/04\/jD5Kt2xNeDBvbHgR9F56eCyBVQU9f7-metaaW1nX2d1aWRlX3ZlbmRldXIuanBn--2048x1229.webp 2048w\" sizes=\"auto, (max-width: 800px) 100vw, 800px\" \/>\t\t\t\t\t\t\t\t\t\t\t\t\t\t\t<\/div>\n\t\t\t\t<\/div>\n\t\t\t\t<\/div>\n\t\t\t\t\t<\/div>\n\t\t\t\t<\/div>\n\t\t<div class=\"elementor-element elementor-element-74d882c e-flex e-con-boxed e-con e-parent\" data-id=\"74d882c\" data-element_type=\"container\" data-e-type=\"container\">\n\t\t\t\t\t<div class=\"e-con-inner\">\n\t\t<div class=\"elementor-element elementor-element-2ed651d e-con-full e-flex e-con e-child\" data-id=\"2ed651d\" data-element_type=\"container\" data-e-type=\"container\">\n\t\t\t\t<div class=\"elementor-element elementor-element-dd998f0 elementor-widget__width-initial elementor-widget-mobile__width-inherit elementor-widget-tablet__width-inherit elementor-widget elementor-widget-heading\" data-id=\"dd998f0\" data-element_type=\"widget\" data-e-type=\"widget\" data-widget_type=\"heading.default\">\n\t\t\t\t<div class=\"elementor-widget-container\">\n\t\t\t\t\t<h2 class=\"elementor-heading-title elementor-size-default\">Vendre, \u00e9tape par \u00e9tape\n<\/h2>\t\t\t\t<\/div>\n\t\t\t\t<\/div>\n\t\t\t\t<div class=\"elementor-element elementor-element-e174cc2 elementor-widget__width-initial elementor-widget-tablet__width-inherit elementor-widget elementor-widget-text-editor\" data-id=\"e174cc2\" data-element_type=\"widget\" data-e-type=\"widget\" data-widget_type=\"text-editor.default\">\n\t\t\t\t<div class=\"elementor-widget-container\">\n\t\t\t\t\t\t\t\t\tVendre avec un courtier, c\u2019est acheter la tranquillit\u00e9 d\u2019esprit! D\u00e9couvrez comment mon r\u00f4le de courtier peut \u00eatre d\u00e9terminant, de la cr\u00e9ation de votre fiche dans le syst\u00e8me Centris \u00e0 la signature de l\u2019acte notari\u00e9. Profitez de mon expertise pour \u00eatre judicieusement conseill\u00e9 dans les moments charni\u00e8res du processus de vente\t\t\t\t\t\t\t\t<\/div>\n\t\t\t\t<\/div>\n\t\t<div class=\"elementor-element elementor-element-c6a887f e-con-full e-flex e-con e-child\" data-id=\"c6a887f\" data-element_type=\"container\" data-e-type=\"container\">\n\t\t<div class=\"elementor-element elementor-element-4af47ad e-con-full e-flex e-con e-child\" data-id=\"4af47ad\" data-element_type=\"container\" data-e-type=\"container\">\n\t\t\t\t<div class=\"elementor-element elementor-element-cd8d488 elementor-view-stacked elementor-shape-circle elementor-widget elementor-widget-icon\" data-id=\"cd8d488\" data-element_type=\"widget\" data-e-type=\"widget\" data-widget_type=\"icon.default\">\n\t\t\t\t<div class=\"elementor-widget-container\">\n\t\t\t\t\t\t\t<div class=\"elementor-icon-wrapper\">\n\t\t\t<div class=\"elementor-icon\">\n\t\t\t<svg aria-hidden=\"true\" class=\"e-font-icon-svg e-fas-home\" viewBox=\"0 0 576 512\" xmlns=\"http:\/\/www.w3.org\/2000\/svg\"><path d=\"M280.37 148.26L96 300.11V464a16 16 0 0 0 16 16l112.06-.29a16 16 0 0 0 15.92-16V368a16 16 0 0 1 16-16h64a16 16 0 0 1 16 16v95.64a16 16 0 0 0 16 16.05L464 480a16 16 0 0 0 16-16V300L295.67 148.26a12.19 12.19 0 0 0-15.3 0zM571.6 251.47L488 182.56V44.05a12 12 0 0 0-12-12h-56a12 12 0 0 0-12 12v72.61L318.47 43a48 48 0 0 0-61 0L4.34 251.47a12 12 0 0 0-1.6 16.9l25.5 31A12 12 0 0 0 45.15 301l235.22-193.74a12.19 12.19 0 0 1 15.3 0L530.9 301a12 12 0 0 0 16.9-1.6l25.5-31a12 12 0 0 0-1.7-16.93z\"><\/path><\/svg>\t\t\t<\/div>\n\t\t<\/div>\n\t\t\t\t\t\t<\/div>\n\t\t\t\t<\/div>\n\t\t\t\t<div class=\"elementor-element elementor-element-830dfc0 elementor-widget-tablet__width-inherit elementor-widget elementor-widget-heading\" data-id=\"830dfc0\" data-element_type=\"widget\" data-e-type=\"widget\" data-widget_type=\"heading.default\">\n\t\t\t\t<div class=\"elementor-widget-container\">\n\t\t\t\t\t<h2 class=\"elementor-heading-title elementor-size-default\">Avant : Assurez-vous d'\u00eatre bien pr\u00e9par\u00e9\n<\/h2>\t\t\t\t<\/div>\n\t\t\t\t<\/div>\n\t\t\t\t<div class=\"elementor-element elementor-element-244c28d elementor-widget elementor-widget-text-editor\" data-id=\"244c28d\" data-element_type=\"widget\" data-e-type=\"widget\" data-widget_type=\"text-editor.default\">\n\t\t\t\t<div class=\"elementor-widget-container\">\n\t\t\t\t\t\t\t\t\t<p>La vente d&#8217;une propri\u00e9t\u00e9 est une exp\u00e9rience rempli d&#8217;\u00e9motions. Il est donc important d&#8217;\u00eatre bien inform\u00e9 et soutenu. En choisissant de faire affaire avec un courtier immobilier, vous \u00eates prot\u00e9g\u00e9 par la Loi sur le courtage immobilier. Pour bien vous pr\u00e9parer, nous vous conseillons de vous informer d&#8217;abord sur mon r\u00f4le en tant que courtier immobilier r\u00e9sidentiel, et plus particuli\u00e8rement sur mes devoirs et obligations dans le cadre de la vente de propri\u00e9t\u00e9.<\/p>\n\t\t\t\t\t\t\t\t<\/div>\n\t\t\t\t<\/div>\n\t\t\t\t<\/div>\n\t\t<div class=\"elementor-element elementor-element-652f906 e-con-full e-flex e-con e-child\" data-id=\"652f906\" data-element_type=\"container\" data-e-type=\"container\">\n\t\t\t\t<div class=\"elementor-element elementor-element-e870c7f elementor-view-stacked elementor-shape-circle elementor-widget elementor-widget-icon\" data-id=\"e870c7f\" data-element_type=\"widget\" data-e-type=\"widget\" data-widget_type=\"icon.default\">\n\t\t\t\t<div class=\"elementor-widget-container\">\n\t\t\t\t\t\t\t<div class=\"elementor-icon-wrapper\">\n\t\t\t<div class=\"elementor-icon\">\n\t\t\t<svg aria-hidden=\"true\" class=\"e-font-icon-svg e-fas-home\" viewBox=\"0 0 576 512\" xmlns=\"http:\/\/www.w3.org\/2000\/svg\"><path d=\"M280.37 148.26L96 300.11V464a16 16 0 0 0 16 16l112.06-.29a16 16 0 0 0 15.92-16V368a16 16 0 0 1 16-16h64a16 16 0 0 1 16 16v95.64a16 16 0 0 0 16 16.05L464 480a16 16 0 0 0 16-16V300L295.67 148.26a12.19 12.19 0 0 0-15.3 0zM571.6 251.47L488 182.56V44.05a12 12 0 0 0-12-12h-56a12 12 0 0 0-12 12v72.61L318.47 43a48 48 0 0 0-61 0L4.34 251.47a12 12 0 0 0-1.6 16.9l25.5 31A12 12 0 0 0 45.15 301l235.22-193.74a12.19 12.19 0 0 1 15.3 0L530.9 301a12 12 0 0 0 16.9-1.6l25.5-31a12 12 0 0 0-1.7-16.93z\"><\/path><\/svg>\t\t\t<\/div>\n\t\t<\/div>\n\t\t\t\t\t\t<\/div>\n\t\t\t\t<\/div>\n\t\t\t\t<div class=\"elementor-element elementor-element-0068851 elementor-widget-tablet__width-inherit elementor-widget elementor-widget-heading\" data-id=\"0068851\" data-element_type=\"widget\" data-e-type=\"widget\" data-widget_type=\"heading.default\">\n\t\t\t\t<div class=\"elementor-widget-container\">\n\t\t\t\t\t<h2 class=\"elementor-heading-title elementor-size-default\">Pendant : Les \u00e9tapes de vente<\/h2>\t\t\t\t<\/div>\n\t\t\t\t<\/div>\n\t\t\t\t<div class=\"elementor-element elementor-element-0231bdd elementor-widget elementor-widget-text-editor\" data-id=\"0231bdd\" data-element_type=\"widget\" data-e-type=\"widget\" data-widget_type=\"text-editor.default\">\n\t\t\t\t<div class=\"elementor-widget-container\">\n\t\t\t\t\t\t\t\t\t<div class=\"block-mrh-item__content-container\">\n<div class=\"cms-richtext text-content block-mrh-item__description utils__text-small\">\n<p>Si un acheteur est int\u00e9ress\u00e9 par votre bien \u00e0 la suite d&#8217;une visite, il peut demander \u00e0 le revoir. Ensuite, si l&#8217;acheteur est repr\u00e9sent\u00e9 par un courtier, il r\u00e9digera avec ce dernier une <em>promesse d&#8217;achat<\/em> pr\u00e9cisant les conditions dans lesquelles il est pr\u00eat \u00e0 acheter votre bien. Vous pouvez alors soit accepter la promesse d&#8217;achat, soit faire une contre-proposition.<\/p>\n<\/div>\n<\/div>\n<div class=\"block-mrh-item__cta-container\"> <\/div>\n\t\t\t\t\t\t\t\t<\/div>\n\t\t\t\t<\/div>\n\t\t\t\t<\/div>\n\t\t<div class=\"elementor-element elementor-element-a3dddeb e-con-full e-flex e-con e-child\" data-id=\"a3dddeb\" data-element_type=\"container\" data-e-type=\"container\">\n\t\t\t\t<div class=\"elementor-element elementor-element-1bfee68 elementor-view-stacked elementor-shape-circle elementor-widget elementor-widget-icon\" data-id=\"1bfee68\" data-element_type=\"widget\" data-e-type=\"widget\" data-widget_type=\"icon.default\">\n\t\t\t\t<div class=\"elementor-widget-container\">\n\t\t\t\t\t\t\t<div class=\"elementor-icon-wrapper\">\n\t\t\t<div class=\"elementor-icon\">\n\t\t\t<svg aria-hidden=\"true\" class=\"e-font-icon-svg e-fas-home\" viewBox=\"0 0 576 512\" xmlns=\"http:\/\/www.w3.org\/2000\/svg\"><path d=\"M280.37 148.26L96 300.11V464a16 16 0 0 0 16 16l112.06-.29a16 16 0 0 0 15.92-16V368a16 16 0 0 1 16-16h64a16 16 0 0 1 16 16v95.64a16 16 0 0 0 16 16.05L464 480a16 16 0 0 0 16-16V300L295.67 148.26a12.19 12.19 0 0 0-15.3 0zM571.6 251.47L488 182.56V44.05a12 12 0 0 0-12-12h-56a12 12 0 0 0-12 12v72.61L318.47 43a48 48 0 0 0-61 0L4.34 251.47a12 12 0 0 0-1.6 16.9l25.5 31A12 12 0 0 0 45.15 301l235.22-193.74a12.19 12.19 0 0 1 15.3 0L530.9 301a12 12 0 0 0 16.9-1.6l25.5-31a12 12 0 0 0-1.7-16.93z\"><\/path><\/svg>\t\t\t<\/div>\n\t\t<\/div>\n\t\t\t\t\t\t<\/div>\n\t\t\t\t<\/div>\n\t\t\t\t<div class=\"elementor-element elementor-element-8245fa7 elementor-widget-tablet__width-inherit elementor-widget elementor-widget-heading\" data-id=\"8245fa7\" data-element_type=\"widget\" data-e-type=\"widget\" data-widget_type=\"heading.default\">\n\t\t\t\t<div class=\"elementor-widget-container\">\n\t\t\t\t\t<h2 class=\"elementor-heading-title elementor-size-default\">Apr\u00e8s : \u00c9tapes apr\u00e8s la promesse d'achat\n<\/h2>\t\t\t\t<\/div>\n\t\t\t\t<\/div>\n\t\t\t\t<div class=\"elementor-element elementor-element-24fd0f7 elementor-widget elementor-widget-text-editor\" data-id=\"24fd0f7\" data-element_type=\"widget\" data-e-type=\"widget\" data-widget_type=\"text-editor.default\">\n\t\t\t\t<div class=\"elementor-widget-container\">\n\t\t\t\t\t\t\t\t\tUne fois que la promesse d&#8217;achat ou la contre-proposition est accept\u00e9e et que toutes les conditions sont remplies, il est temps de formaliser la transaction. Cette phase comprend principalement deux proc\u00e9dures aupr\u00e8s d&#8217;un notaire : l&#8217;examen du titre de propri\u00e9t\u00e9, qui comprend la v\u00e9rification des documents relatifs au titre de propri\u00e9t\u00e9, aux dimensions, au zonage et \u00e0 d&#8217;autres charges, et la r\u00e9daction de l&#8217;acte de vente. Selon le Code civil du Qu\u00e9bec, un notaire est indispensable pour le transfert de propri\u00e9t\u00e9.\n\t\t\t\t\t\t\t\t<\/div>\n\t\t\t\t<\/div>\n\t\t\t\t<\/div>\n\t\t\t\t<\/div>\n\t\t\t\t<\/div>\n\t\t\t\t\t<\/div>\n\t\t\t\t<\/div>\n\t\t<div class=\"elementor-element elementor-element-e71836a e-flex e-con-boxed e-con e-parent\" data-id=\"e71836a\" data-element_type=\"container\" data-e-type=\"container\">\n\t\t\t\t\t<div class=\"e-con-inner\">\n\t\t<div class=\"elementor-element elementor-element-69a1f73 e-con-full e-flex e-con e-child\" data-id=\"69a1f73\" data-element_type=\"container\" data-e-type=\"container\" data-settings=\"{&quot;background_background&quot;:&quot;classic&quot;}\">\n\t\t<div class=\"elementor-element elementor-element-ba98606 e-con-full e-flex e-con e-child\" data-id=\"ba98606\" data-element_type=\"container\" data-e-type=\"container\">\n\t\t\t\t<div class=\"elementor-element elementor-element-a2fb8ae elementor-widget elementor-widget-heading\" data-id=\"a2fb8ae\" data-element_type=\"widget\" data-e-type=\"widget\" data-widget_type=\"heading.default\">\n\t\t\t\t<div class=\"elementor-widget-container\">\n\t\t\t\t\t<h2 class=\"elementor-heading-title elementor-size-default\">Vous cherchez \u00e0 vendre ?  <br>Ne naviguez pas seul sur ce march\u00e9.<\/h2>\t\t\t\t<\/div>\n\t\t\t\t<\/div>\n\t\t\t\t<\/div>\n\t\t<div class=\"elementor-element elementor-element-f40c21d e-con-full e-flex e-con e-child\" data-id=\"f40c21d\" data-element_type=\"container\" data-e-type=\"container\">\n\t\t\t\t<div class=\"elementor-element elementor-element-6021e86 elementor-align-right elementor-mobile-align-justify elementor-widget elementor-widget-button\" data-id=\"6021e86\" data-element_type=\"widget\" data-e-type=\"widget\" data-widget_type=\"button.default\">\n\t\t\t\t<div class=\"elementor-widget-container\">\n\t\t\t\t\t\t\t\t\t<div class=\"elementor-button-wrapper\">\n\t\t\t\t\t<a class=\"elementor-button elementor-button-link elementor-size-sm\" href=\"\/fr\/contact-courtier-immobilier\/\">\n\t\t\t\t\t\t<span class=\"elementor-button-content-wrapper\">\n\t\t\t\t\t\t\t\t\t<span class=\"elementor-button-text\">Prendre rendez-vous<\/span>\n\t\t\t\t\t<\/span>\n\t\t\t\t\t<\/a>\n\t\t\t\t<\/div>\n\t\t\t\t\t\t\t\t<\/div>\n\t\t\t\t<\/div>\n\t\t\t\t<\/div>\n\t\t\t\t<\/div>\n\t\t\t\t\t<\/div>\n\t\t\t\t<\/div>\n\t\t\t\t<\/div>\n\t\t","protected":false},"excerpt":{"rendered":"<p>Guide du vendeur Les informations essentielles \u00e0 savoir. Ce que vous devez savoir sur l&#8217;achat d&#8217;une propri\u00e9t\u00e9 L&#8217;Organisme d&#8217;autor\u00e9glementation du courtage immobilier du Qu\u00e9bec (OACIQ) a pr\u00e9par\u00e9 ce guide pour vous aider \u00e0 chaque \u00e9tape du processus d&#8217;achat d&#8217;une propri\u00e9t\u00e9. Vous y trouverez les principales \u00e9tapes \u00e0 suivre avant et pendant l&#8217;achat, ainsi que de [&hellip;]<\/p>\n","protected":false},"author":2,"featured_media":0,"parent":0,"menu_order":0,"comment_status":"closed","ping_status":"closed","template":"elementor_header_footer","meta":{"nf_dc_page":"","footnotes":""},"class_list":["post-1135","page","type-page","status-publish","hentry"],"aioseo_notices":[],"_links":{"self":[{"href":"https:\/\/melissatromba.com\/fr\/wp-json\/wp\/v2\/pages\/1135","targetHints":{"allow":["GET"]}}],"collection":[{"href":"https:\/\/melissatromba.com\/fr\/wp-json\/wp\/v2\/pages"}],"about":[{"href":"https:\/\/melissatromba.com\/fr\/wp-json\/wp\/v2\/types\/page"}],"author":[{"embeddable":true,"href":"https:\/\/melissatromba.com\/fr\/wp-json\/wp\/v2\/users\/2"}],"replies":[{"embeddable":true,"href":"https:\/\/melissatromba.com\/fr\/wp-json\/wp\/v2\/comments?post=1135"}],"version-history":[{"count":12,"href":"https:\/\/melissatromba.com\/fr\/wp-json\/wp\/v2\/pages\/1135\/revisions"}],"predecessor-version":[{"id":1321,"href":"https:\/\/melissatromba.com\/fr\/wp-json\/wp\/v2\/pages\/1135\/revisions\/1321"}],"wp:attachment":[{"href":"https:\/\/melissatromba.com\/fr\/wp-json\/wp\/v2\/media?parent=1135"}],"curies":[{"name":"wp","href":"https:\/\/api.w.org\/{rel}","templated":true}]}}