{"id":1145,"date":"2025-04-09T10:37:13","date_gmt":"2025-04-09T10:37:13","guid":{"rendered":"https:\/\/melissatromba.com\/guide-de-lacheteur\/"},"modified":"2025-05-29T23:06:47","modified_gmt":"2025-05-29T23:06:47","slug":"guide-de-lacheteur","status":"publish","type":"page","link":"https:\/\/melissatromba.com\/fr\/guide-de-lacheteur\/","title":{"rendered":"Guide de l&#8217;acheteur"},"content":{"rendered":"\t\t<div data-elementor-type=\"wp-page\" data-elementor-id=\"1145\" class=\"elementor elementor-1145 elementor-502\" data-elementor-post-type=\"page\">\n\t\t\t\t<div class=\"elementor-element elementor-element-9128289 e-flex e-con-boxed e-con e-parent\" data-id=\"9128289\" data-element_type=\"container\" data-e-type=\"container\" data-settings=\"{&quot;background_background&quot;:&quot;classic&quot;}\">\n\t\t\t\t\t<div class=\"e-con-inner\">\n\t\t\t\t<div class=\"elementor-element elementor-element-eec0039 elementor-widget elementor-widget-heading\" data-id=\"eec0039\" data-element_type=\"widget\" data-e-type=\"widget\" data-widget_type=\"heading.default\">\n\t\t\t\t<div class=\"elementor-widget-container\">\n\t\t\t\t\t<h2 class=\"elementor-heading-title elementor-size-default\">Guide de l'acheteur\n<\/h2>\t\t\t\t<\/div>\n\t\t\t\t<\/div>\n\t\t\t\t<div class=\"elementor-element elementor-element-96f723d elementor-widget elementor-widget-heading\" data-id=\"96f723d\" data-element_type=\"widget\" data-e-type=\"widget\" data-widget_type=\"heading.default\">\n\t\t\t\t<div class=\"elementor-widget-container\">\n\t\t\t\t\t<h2 class=\"elementor-heading-title elementor-size-default\">Les informations essentielles \u00e0 conna\u00eetre avant d'acheter une propri\u00e9t\u00e9.\n\n<\/h2>\t\t\t\t<\/div>\n\t\t\t\t<\/div>\n\t\t\t\t\t<\/div>\n\t\t\t\t<\/div>\n\t\t<div class=\"elementor-element elementor-element-bba9447 e-flex e-con-boxed e-con e-parent\" data-id=\"bba9447\" data-element_type=\"container\" data-e-type=\"container\" data-settings=\"{&quot;background_background&quot;:&quot;classic&quot;}\">\n\t\t\t\t\t<div class=\"e-con-inner\">\n\t\t<div class=\"elementor-element elementor-element-eba7c02 e-con-full e-flex e-con e-child\" data-id=\"eba7c02\" data-element_type=\"container\" data-e-type=\"container\">\n\t\t\t\t<div class=\"elementor-element elementor-element-c88d693 elementor-widget elementor-widget-heading\" data-id=\"c88d693\" data-element_type=\"widget\" data-e-type=\"widget\" data-widget_type=\"heading.default\">\n\t\t\t\t<div class=\"elementor-widget-container\">\n\t\t\t\t\t<h2 class=\"elementor-heading-title elementor-size-default\">Ce que vous devez savoir sur l'achat d'une propri\u00e9t\u00e9<\/h2>\t\t\t\t<\/div>\n\t\t\t\t<\/div>\n\t\t\t\t<div class=\"elementor-element elementor-element-71ee94a elementor-widget elementor-widget-text-editor\" data-id=\"71ee94a\" data-element_type=\"widget\" data-e-type=\"widget\" data-widget_type=\"text-editor.default\">\n\t\t\t\t<div class=\"elementor-widget-container\">\n\t\t\t\t\t\t\t\t\t<div class=\"cms-richtext text-content block-image-text__description\">\n<p>L&#8217;Organisme d&#8217;autor\u00e9glementation du courtage immobilier du Qu\u00e9bec (OACIQ) a pr\u00e9par\u00e9 ce guide pour vous aider \u00e0 chaque \u00e9tape du processus d&#8217;achat d&#8217;une propri\u00e9t\u00e9.<\/p>\n<p>Vous y trouverez les principales \u00e9tapes \u00e0 suivre avant et pendant l&#8217;achat de votre demeure, ainsi que de nombreux conseils utiles pour vous aider \u00e0 r\u00e9aliser votre transaction immobili\u00e8re dans de bonnes conditions. Pour les \u00e9tapes d&#8217;une vente, consultez le Guide du vendeur. <\/p>\n<p>Ce guide a \u00e9t\u00e9 con\u00e7u pour servir de r\u00e9f\u00e9rence rapide, mais il ne remplace pas les conseils d&#8217;un courtier ou d&#8217;une agence immobili\u00e8re. Son contenu s&#8217;applique exclusivement \u00e0 l&#8217;achat d&#8217;un bien immobilier r\u00e9sidentiel. Il comprend quelques informations sur les biens d\u00e9tenus en copropri\u00e9t\u00e9 divise et indivise, mais ce contenu n&#8217;est pas exhaustif.  <\/p>\n<\/div>\n<div class=\"blocks-repeater block-image-text__cta buttons-container buttons-mobile-fullwidth\">\n<div class=\"block-wrapper cta-item\">\n<div class=\"button__wrapper cms-link color-scheme-btn-normal\"> <\/div>\n<\/div>\n<\/div>\n\t\t\t\t\t\t\t\t<\/div>\n\t\t\t\t<\/div>\n\t\t\t\t<div class=\"elementor-element elementor-element-ef5c94a elementor-align-left elementor-mobile-align-justify elementor-widget elementor-widget-button\" data-id=\"ef5c94a\" data-element_type=\"widget\" data-e-type=\"widget\" data-widget_type=\"button.default\">\n\t\t\t\t<div class=\"elementor-widget-container\">\n\t\t\t\t\t\t\t\t\t<div class=\"elementor-button-wrapper\">\n\t\t\t\t\t<a class=\"elementor-button elementor-button-link elementor-size-sm\" href=\"https:\/\/www.oaciq.com\/en\/general-public\/buying\/buyers-guide\/\" target=\"_blank\">\n\t\t\t\t\t\t<span class=\"elementor-button-content-wrapper\">\n\t\t\t\t\t\t\t\t\t<span class=\"elementor-button-text\">Consultez le guide<\/span>\n\t\t\t\t\t<\/span>\n\t\t\t\t\t<\/a>\n\t\t\t\t<\/div>\n\t\t\t\t\t\t\t\t<\/div>\n\t\t\t\t<\/div>\n\t\t\t\t<\/div>\n\t\t<div class=\"elementor-element elementor-element-c30e9eb e-con-full e-flex e-con e-child\" data-id=\"c30e9eb\" data-element_type=\"container\" data-e-type=\"container\">\n\t\t\t\t<div class=\"elementor-element elementor-element-3b5f682 elementor-widget elementor-widget-image\" data-id=\"3b5f682\" data-element_type=\"widget\" data-e-type=\"widget\" data-widget_type=\"image.default\">\n\t\t\t\t<div class=\"elementor-widget-container\">\n\t\t\t\t\t\t\t\t\t\t\t\t\t\t\t<img loading=\"lazy\" decoding=\"async\" loading=\"lazy\" width=\"800\" height=\"480\" src=\"https:\/\/melissatromba.com\/wp-content\/uploads\/2025\/04\/P21scJFWKuf9jMoXZ8DpsW0QDlqCfA-metaaW1nX2d1aWRlX2FjaGV0ZXVyLmpwZw--1024x615.webp\" class=\"attachment-large size-large wp-image-523\" alt=\"\" srcset=\"https:\/\/melissatromba.com\/wp-content\/uploads\/2025\/04\/P21scJFWKuf9jMoXZ8DpsW0QDlqCfA-metaaW1nX2d1aWRlX2FjaGV0ZXVyLmpwZw--1024x615.webp 1024w, https:\/\/melissatromba.com\/wp-content\/uploads\/2025\/04\/P21scJFWKuf9jMoXZ8DpsW0QDlqCfA-metaaW1nX2d1aWRlX2FjaGV0ZXVyLmpwZw--300x180.webp 300w, https:\/\/melissatromba.com\/wp-content\/uploads\/2025\/04\/P21scJFWKuf9jMoXZ8DpsW0QDlqCfA-metaaW1nX2d1aWRlX2FjaGV0ZXVyLmpwZw--768x461.webp 768w, https:\/\/melissatromba.com\/wp-content\/uploads\/2025\/04\/P21scJFWKuf9jMoXZ8DpsW0QDlqCfA-metaaW1nX2d1aWRlX2FjaGV0ZXVyLmpwZw--1536x922.webp 1536w, https:\/\/melissatromba.com\/wp-content\/uploads\/2025\/04\/P21scJFWKuf9jMoXZ8DpsW0QDlqCfA-metaaW1nX2d1aWRlX2FjaGV0ZXVyLmpwZw--2048x1229.webp 2048w\" sizes=\"auto, (max-width: 800px) 100vw, 800px\" \/>\t\t\t\t\t\t\t\t\t\t\t\t\t\t\t<\/div>\n\t\t\t\t<\/div>\n\t\t\t\t<\/div>\n\t\t\t\t\t<\/div>\n\t\t\t\t<\/div>\n\t\t<div class=\"elementor-element elementor-element-e43cf92 e-flex e-con-boxed e-con e-parent\" data-id=\"e43cf92\" data-element_type=\"container\" data-e-type=\"container\">\n\t\t\t\t\t<div class=\"e-con-inner\">\n\t\t<div class=\"elementor-element elementor-element-4d8d528 e-con-full e-flex e-con e-child\" data-id=\"4d8d528\" data-element_type=\"container\" data-e-type=\"container\">\n\t\t\t\t<div class=\"elementor-element elementor-element-89be684 elementor-widget__width-initial elementor-widget-mobile__width-inherit elementor-widget-tablet__width-inherit elementor-widget elementor-widget-heading\" data-id=\"89be684\" data-element_type=\"widget\" data-e-type=\"widget\" data-widget_type=\"heading.default\">\n\t\t\t\t<div class=\"elementor-widget-container\">\n\t\t\t\t\t<h2 class=\"elementor-heading-title elementor-size-default\">Acheter une propri\u00e9t\u00e9, \u00e9tape par \u00e9tape<\/h2>\t\t\t\t<\/div>\n\t\t\t\t<\/div>\n\t\t\t\t<div class=\"elementor-element elementor-element-13946da elementor-widget__width-initial elementor-widget-tablet__width-inherit elementor-widget elementor-widget-text-editor\" data-id=\"13946da\" data-element_type=\"widget\" data-e-type=\"widget\" data-widget_type=\"text-editor.default\">\n\t\t\t\t<div class=\"elementor-widget-container\">\n\t\t\t\t\t\t\t\t\t<section class=\"block-wrapper block-text-type2 block-text-type2--text-align-center\">\n<div class=\"color-scheme-bg-normal color-scheme-text-normal\">\n<div class=\"block-text-type2__inner widescreen-container\">\n<div class=\"cms-richtext text-content block-text-type2__description utils__text-small utils__weight-regular\">\n<section class=\"block-wrapper block-text-type2 block-text-type2--text-align-center\">\n<div class=\"color-scheme-bg-normal color-scheme-text-normal\">\n<div class=\"block-text-type2__inner widescreen-container\">\n<div class=\"cms-richtext text-content block-text-type2__description utils__text-small utils__weight-regular\">\n<section class=\"block-wrapper block-text-type2 block-text-type2--text-align-center\">\n<div class=\"color-scheme-bg-normal color-scheme-text-normal\">\n<div class=\"block-text-type2__inner widescreen-container\">\n<div class=\"cms-richtext text-content block-text-type2__description utils__text-small utils__weight-regular\">\n<section class=\"block-wrapper block-text-type2 block-text-type2--text-align-center\">\n<div class=\"color-scheme-bg-normal color-scheme-text-normal\">\n<div class=\"block-text-type2__inner widescreen-container\">\n<div class=\"cms-richtext text-content block-text-type2__description utils__text-small utils__weight-regular\">\n<div class=\"block-mrh__intro\">\n<div class=\"cms-richtext text-content block-mrh__description utils__text-small\">\n<p>Vous \u00eates pr\u00eat \u00e0 acheter une propri\u00e9t\u00e9 ? Qu&#8217;il s&#8217;agisse de votre premier achat ou non, il est judicieux d&#8217;\u00eatre bien inform\u00e9&#8230; <\/p>\n<\/div>\n<\/div>\n<\/div>\n<\/div>\n<\/div>\n<\/section>\n<\/div>\n<\/div>\n<\/div>\n<\/section>\n<\/div>\n<\/div>\n<\/div>\n<\/section>\n<\/div>\n<\/div>\n<\/div>\n<\/section>\n\t\t\t\t\t\t\t\t<\/div>\n\t\t\t\t<\/div>\n\t\t<div class=\"elementor-element elementor-element-cabeffe e-con-full e-flex e-con e-child\" data-id=\"cabeffe\" data-element_type=\"container\" data-e-type=\"container\">\n\t\t<div class=\"elementor-element elementor-element-2e6aa27 e-con-full e-flex e-con e-child\" data-id=\"2e6aa27\" data-element_type=\"container\" data-e-type=\"container\">\n\t\t\t\t<div class=\"elementor-element elementor-element-0f5a8ff elementor-view-stacked elementor-shape-circle elementor-widget elementor-widget-icon\" data-id=\"0f5a8ff\" data-element_type=\"widget\" data-e-type=\"widget\" data-widget_type=\"icon.default\">\n\t\t\t\t<div class=\"elementor-widget-container\">\n\t\t\t\t\t\t\t<div class=\"elementor-icon-wrapper\">\n\t\t\t<div class=\"elementor-icon\">\n\t\t\t<svg aria-hidden=\"true\" class=\"e-font-icon-svg e-fas-sign\" viewBox=\"0 0 512 512\" xmlns=\"http:\/\/www.w3.org\/2000\/svg\"><path d=\"M496 64H128V16c0-8.8-7.2-16-16-16H80c-8.8 0-16 7.2-16 16v48H16C7.2 64 0 71.2 0 80v32c0 8.8 7.2 16 16 16h48v368c0 8.8 7.2 16 16 16h32c8.8 0 16-7.2 16-16V128h368c8.8 0 16-7.2 16-16V80c0-8.8-7.2-16-16-16zM160 384h320V160H160v224z\"><\/path><\/svg>\t\t\t<\/div>\n\t\t<\/div>\n\t\t\t\t\t\t<\/div>\n\t\t\t\t<\/div>\n\t\t\t\t<div class=\"elementor-element elementor-element-ae9439f elementor-widget-tablet__width-inherit elementor-widget elementor-widget-heading\" data-id=\"ae9439f\" data-element_type=\"widget\" data-e-type=\"widget\" data-widget_type=\"heading.default\">\n\t\t\t\t<div class=\"elementor-widget-container\">\n\t\t\t\t\t<h2 class=\"elementor-heading-title elementor-size-default\">Avant : Comment vous pr\u00e9parer\n<\/h2>\t\t\t\t<\/div>\n\t\t\t\t<\/div>\n\t\t\t\t<div class=\"elementor-element elementor-element-705905e elementor-widget elementor-widget-text-editor\" data-id=\"705905e\" data-element_type=\"widget\" data-e-type=\"widget\" data-widget_type=\"text-editor.default\">\n\t\t\t\t<div class=\"elementor-widget-container\">\n\t\t\t\t\t\t\t\t\tPour pr\u00e9parer efficacement un achat, il est essentiel d&#8217;identifier d&#8217;abord vos besoins. En tant que courtier immobilier r\u00e9sidentiel dans les Laurentides, je vous aide \u00e0 trouver une propri\u00e9t\u00e9 qui correspond \u00e0 votre budget, vos besoins et \u00e0 votre capacit\u00e9 d&#8217;emprunt. \n\n\t\t\t\t\t\t\t\t<\/div>\n\t\t\t\t<\/div>\n\t\t\t\t<\/div>\n\t\t<div class=\"elementor-element elementor-element-14af117 e-con-full e-flex e-con e-child\" data-id=\"14af117\" data-element_type=\"container\" data-e-type=\"container\">\n\t\t\t\t<div class=\"elementor-element elementor-element-b48ef78 elementor-view-stacked elementor-shape-circle elementor-widget elementor-widget-icon\" data-id=\"b48ef78\" data-element_type=\"widget\" data-e-type=\"widget\" data-widget_type=\"icon.default\">\n\t\t\t\t<div class=\"elementor-widget-container\">\n\t\t\t\t\t\t\t<div class=\"elementor-icon-wrapper\">\n\t\t\t<div class=\"elementor-icon\">\n\t\t\t<svg aria-hidden=\"true\" class=\"e-font-icon-svg e-fas-sign\" viewBox=\"0 0 512 512\" xmlns=\"http:\/\/www.w3.org\/2000\/svg\"><path d=\"M496 64H128V16c0-8.8-7.2-16-16-16H80c-8.8 0-16 7.2-16 16v48H16C7.2 64 0 71.2 0 80v32c0 8.8 7.2 16 16 16h48v368c0 8.8 7.2 16 16 16h32c8.8 0 16-7.2 16-16V128h368c8.8 0 16-7.2 16-16V80c0-8.8-7.2-16-16-16zM160 384h320V160H160v224z\"><\/path><\/svg>\t\t\t<\/div>\n\t\t<\/div>\n\t\t\t\t\t\t<\/div>\n\t\t\t\t<\/div>\n\t\t\t\t<div class=\"elementor-element elementor-element-5c0a6df elementor-widget-tablet__width-inherit elementor-widget elementor-widget-heading\" data-id=\"5c0a6df\" data-element_type=\"widget\" data-e-type=\"widget\" data-widget_type=\"heading.default\">\n\t\t\t\t<div class=\"elementor-widget-container\">\n\t\t\t\t\t<h2 class=\"elementor-heading-title elementor-size-default\">Pendant : Vous \u00eates int\u00e9ress\u00e9 par une propri\u00e9t\u00e9<\/h2>\t\t\t\t<\/div>\n\t\t\t\t<\/div>\n\t\t\t\t<div class=\"elementor-element elementor-element-8f9466c elementor-widget elementor-widget-text-editor\" data-id=\"8f9466c\" data-element_type=\"widget\" data-e-type=\"widget\" data-widget_type=\"text-editor.default\">\n\t\t\t\t<div class=\"elementor-widget-container\">\n\t\t\t\t\t\t\t\t\tVous avez trouv\u00e9 un bien qui vous pla\u00eet ? Vous pouvez maintenant demander \u00e0 votre courtier de r\u00e9diger une promesse d&#8217;achat. En la signant, vous vous engagez \u00e0 acheter le bien du vendeur au prix et aux conditions indiqu\u00e9s. Si le vendeur accepte cette convention, il s&#8217;engage \u00e0 son tour \u00e0 vous vendre le bien, vraisemblablement sous certaines conditions que vous devez tous deux remplir (financement, inspection, etc.).   \n\n\t\t\t\t\t\t\t\t<\/div>\n\t\t\t\t<\/div>\n\t\t\t\t<\/div>\n\t\t<div class=\"elementor-element elementor-element-fa997eb e-con-full e-flex e-con e-child\" data-id=\"fa997eb\" data-element_type=\"container\" data-e-type=\"container\">\n\t\t\t\t<div class=\"elementor-element elementor-element-1b02401 elementor-view-stacked elementor-shape-circle elementor-widget elementor-widget-icon\" data-id=\"1b02401\" data-element_type=\"widget\" data-e-type=\"widget\" data-widget_type=\"icon.default\">\n\t\t\t\t<div class=\"elementor-widget-container\">\n\t\t\t\t\t\t\t<div class=\"elementor-icon-wrapper\">\n\t\t\t<div class=\"elementor-icon\">\n\t\t\t<svg aria-hidden=\"true\" class=\"e-font-icon-svg e-fas-sign\" viewBox=\"0 0 512 512\" xmlns=\"http:\/\/www.w3.org\/2000\/svg\"><path d=\"M496 64H128V16c0-8.8-7.2-16-16-16H80c-8.8 0-16 7.2-16 16v48H16C7.2 64 0 71.2 0 80v32c0 8.8 7.2 16 16 16h48v368c0 8.8 7.2 16 16 16h32c8.8 0 16-7.2 16-16V128h368c8.8 0 16-7.2 16-16V80c0-8.8-7.2-16-16-16zM160 384h320V160H160v224z\"><\/path><\/svg>\t\t\t<\/div>\n\t\t<\/div>\n\t\t\t\t\t\t<\/div>\n\t\t\t\t<\/div>\n\t\t\t\t<div class=\"elementor-element elementor-element-7d68133 elementor-widget-tablet__width-inherit elementor-widget elementor-widget-heading\" data-id=\"7d68133\" data-element_type=\"widget\" data-e-type=\"widget\" data-widget_type=\"heading.default\">\n\t\t\t\t<div class=\"elementor-widget-container\">\n\t\t\t\t\t<h2 class=\"elementor-heading-title elementor-size-default\">Apr\u00e8s : \u00c9tapes apr\u00e8s la promesse d'achat\n<\/h2>\t\t\t\t<\/div>\n\t\t\t\t<\/div>\n\t\t\t\t<div class=\"elementor-element elementor-element-cc75595 elementor-widget elementor-widget-text-editor\" data-id=\"cc75595\" data-element_type=\"widget\" data-e-type=\"widget\" data-widget_type=\"text-editor.default\">\n\t\t\t\t<div class=\"elementor-widget-container\">\n\t\t\t\t\t\t\t\t\tUne fois la promesse d&#8217;achat accept\u00e9e, il vous incombe de veiller \u00e0 ce que toutes les conditions stipul\u00e9es soient remplies, telles que l&#8217;inspection avant l&#8217;achat, la r\u00e9ception de tous les documents relatifs \u00e0 la propri\u00e9t\u00e9 et l&#8217;obtention de votre financement hypoth\u00e9caire. Par la suite, l&#8217;acte de vente sera sign\u00e9 chez le notaire, avant que vous ne puissiez emm\u00e9nager dans votre nouvelle maison ou votre nouveau condominium. \n\n\t\t\t\t\t\t\t\t<\/div>\n\t\t\t\t<\/div>\n\t\t\t\t<\/div>\n\t\t\t\t<\/div>\n\t\t\t\t<\/div>\n\t\t\t\t\t<\/div>\n\t\t\t\t<\/div>\n\t\t<div class=\"elementor-element elementor-element-1433b53 e-flex e-con-boxed e-con e-parent\" data-id=\"1433b53\" data-element_type=\"container\" data-e-type=\"container\">\n\t\t\t\t\t<div class=\"e-con-inner\">\n\t\t<div class=\"elementor-element elementor-element-0ce72d5 e-con-full e-flex e-con e-child\" data-id=\"0ce72d5\" data-element_type=\"container\" data-e-type=\"container\" data-settings=\"{&quot;background_background&quot;:&quot;classic&quot;}\">\n\t\t<div class=\"elementor-element elementor-element-7ba962c e-con-full e-flex e-con e-child\" data-id=\"7ba962c\" data-element_type=\"container\" data-e-type=\"container\">\n\t\t\t\t<div class=\"elementor-element elementor-element-8dcc81f elementor-widget elementor-widget-heading\" data-id=\"8dcc81f\" data-element_type=\"widget\" data-e-type=\"widget\" data-widget_type=\"heading.default\">\n\t\t\t\t<div class=\"elementor-widget-container\">\n\t\t\t\t\t<h2 class=\"elementor-heading-title elementor-size-default\">Vous cherchez \u00e0 acheter ? Ne naviguez pas seul sur ce march\u00e9. \n<\/h2>\t\t\t\t<\/div>\n\t\t\t\t<\/div>\n\t\t\t\t<\/div>\n\t\t<div class=\"elementor-element elementor-element-38ea039 e-con-full e-flex e-con e-child\" data-id=\"38ea039\" data-element_type=\"container\" data-e-type=\"container\">\n\t\t\t\t<div class=\"elementor-element elementor-element-68df0bb elementor-align-right elementor-mobile-align-justify elementor-widget elementor-widget-button\" data-id=\"68df0bb\" data-element_type=\"widget\" data-e-type=\"widget\" data-widget_type=\"button.default\">\n\t\t\t\t<div class=\"elementor-widget-container\">\n\t\t\t\t\t\t\t\t\t<div class=\"elementor-button-wrapper\">\n\t\t\t\t\t<a class=\"elementor-button elementor-button-link elementor-size-sm\" href=\"\/fr\/contact-courtier-immobilier\/\">\n\t\t\t\t\t\t<span class=\"elementor-button-content-wrapper\">\n\t\t\t\t\t\t\t\t\t<span class=\"elementor-button-text\">Prendre rendez-vous<\/span>\n\t\t\t\t\t<\/span>\n\t\t\t\t\t<\/a>\n\t\t\t\t<\/div>\n\t\t\t\t\t\t\t\t<\/div>\n\t\t\t\t<\/div>\n\t\t\t\t<\/div>\n\t\t\t\t<\/div>\n\t\t\t\t\t<\/div>\n\t\t\t\t<\/div>\n\t\t\t\t<\/div>\n\t\t","protected":false},"excerpt":{"rendered":"<p>Guide de l&#8217;acheteur Les informations essentielles \u00e0 conna\u00eetre avant d&#8217;acheter une propri\u00e9t\u00e9. Ce que vous devez savoir sur l&#8217;achat d&#8217;une propri\u00e9t\u00e9 L&#8217;Organisme d&#8217;autor\u00e9glementation du courtage immobilier du Qu\u00e9bec (OACIQ) a pr\u00e9par\u00e9 ce guide pour vous aider \u00e0 chaque \u00e9tape du processus d&#8217;achat d&#8217;une propri\u00e9t\u00e9. Vous y trouverez les principales \u00e9tapes \u00e0 suivre avant et pendant [&hellip;]<\/p>\n","protected":false},"author":2,"featured_media":0,"parent":0,"menu_order":0,"comment_status":"closed","ping_status":"closed","template":"elementor_header_footer","meta":{"nf_dc_page":"","footnotes":""},"class_list":["post-1145","page","type-page","status-publish","hentry"],"aioseo_notices":[],"_links":{"self":[{"href":"https:\/\/melissatromba.com\/fr\/wp-json\/wp\/v2\/pages\/1145","targetHints":{"allow":["GET"]}}],"collection":[{"href":"https:\/\/melissatromba.com\/fr\/wp-json\/wp\/v2\/pages"}],"about":[{"href":"https:\/\/melissatromba.com\/fr\/wp-json\/wp\/v2\/types\/page"}],"author":[{"embeddable":true,"href":"https:\/\/melissatromba.com\/fr\/wp-json\/wp\/v2\/users\/2"}],"replies":[{"embeddable":true,"href":"https:\/\/melissatromba.com\/fr\/wp-json\/wp\/v2\/comments?post=1145"}],"version-history":[{"count":13,"href":"https:\/\/melissatromba.com\/fr\/wp-json\/wp\/v2\/pages\/1145\/revisions"}],"predecessor-version":[{"id":1304,"href":"https:\/\/melissatromba.com\/fr\/wp-json\/wp\/v2\/pages\/1145\/revisions\/1304"}],"wp:attachment":[{"href":"https:\/\/melissatromba.com\/fr\/wp-json\/wp\/v2\/media?parent=1145"}],"curies":[{"name":"wp","href":"https:\/\/api.w.org\/{rel}","templated":true}]}}